{"id":14052,"date":"2023-03-18T00:00:26","date_gmt":"2023-03-18T00:00:26","guid":{"rendered":"https:\/\/atomocr.com\/?page_id=14052"},"modified":"2024-02-26T17:54:51","modified_gmt":"2024-02-26T17:54:51","slug":"diseno","status":"publish","type":"page","link":"https:\/\/atomocr.com\/index.php\/servicios\/diseno\/","title":{"rendered":"Inspecci\u00f3n y pruebas"},"content":{"rendered":"\t\t<div data-elementor-type=\"wp-page\" data-elementor-id=\"14052\" class=\"elementor elementor-14052\" data-elementor-post-type=\"page\">\n\t\t\t\t\t\t<section class=\"elementor-section elementor-top-section elementor-element elementor-element-51474aa elementor-section-boxed elementor-section-height-default elementor-section-height-default\" data-id=\"51474aa\" data-element_type=\"section\" data-e-type=\"section\">\n\t\t\t\t\t\t<div class=\"elementor-container elementor-column-gap-default\">\n\t\t\t\t\t<div class=\"elementor-column elementor-col-50 elementor-top-column elementor-element elementor-element-32190d5\" data-id=\"32190d5\" data-element_type=\"column\" data-e-type=\"column\">\n\t\t\t<div class=\"elementor-widget-wrap elementor-element-populated\">\n\t\t\t\t\t\t<div class=\"elementor-element elementor-element-98b8fad elementor-widget elementor-widget-image\" data-id=\"98b8fad\" data-element_type=\"widget\" data-e-type=\"widget\" data-widget_type=\"image.default\">\n\t\t\t\t<div class=\"elementor-widget-container\">\n\t\t\t\t\t\t\t\t\t\t\t\t\t\t\t<img fetchpriority=\"high\" decoding=\"async\" width=\"2048\" height=\"1367\" src=\"https:\/\/atomocr.com\/wp-content\/uploads\/2023\/02\/DSC_8174b.jpg\" class=\"attachment-full size-full wp-image-13781\" alt=\"\" srcset=\"https:\/\/atomocr.com\/wp-content\/uploads\/2023\/02\/DSC_8174b.jpg 2048w, https:\/\/atomocr.com\/wp-content\/uploads\/2023\/02\/DSC_8174b-300x200.jpg 300w, https:\/\/atomocr.com\/wp-content\/uploads\/2023\/02\/DSC_8174b-1024x684.jpg 1024w, https:\/\/atomocr.com\/wp-content\/uploads\/2023\/02\/DSC_8174b-768x513.jpg 768w, https:\/\/atomocr.com\/wp-content\/uploads\/2023\/02\/DSC_8174b-1536x1025.jpg 1536w, https:\/\/atomocr.com\/wp-content\/uploads\/2023\/02\/DSC_8174b-365x243.jpg 365w, https:\/\/atomocr.com\/wp-content\/uploads\/2023\/02\/DSC_8174b-600x400.jpg 600w\" sizes=\"(max-width: 2048px) 100vw, 2048px\" \/>\t\t\t\t\t\t\t\t\t\t\t\t\t\t\t<\/div>\n\t\t\t\t<\/div>\n\t\t\t\t<div class=\"elementor-element elementor-element-6b36dea elementor-widget elementor-widget-heading\" data-id=\"6b36dea\" data-element_type=\"widget\" data-e-type=\"widget\" data-widget_type=\"heading.default\">\n\t\t\t\t<div class=\"elementor-widget-container\">\n\t\t\t\t\t<h2 class=\"elementor-heading-title elementor-size-default\">Inspecci\u00f3n<\/h2>\t\t\t\t<\/div>\n\t\t\t\t<\/div>\n\t\t\t\t<div class=\"elementor-element elementor-element-c4dd3f0 elementor-widget elementor-widget-text-editor\" data-id=\"c4dd3f0\" data-element_type=\"widget\" data-e-type=\"widget\" data-widget_type=\"text-editor.default\">\n\t\t\t\t<div class=\"elementor-widget-container\">\n\t\t\t\t\t\t\t\t\t<p>Realizamos programas de inspecci\u00f3n y prueba (IP), de los sistemas fijos de protecci\u00f3n contra incendios, rociadores autom\u00e1ticos, detecci\u00f3n y alama, sistemas de gas licuado y sistemas pasivos.<\/p>\t\t\t\t\t\t\t\t<\/div>\n\t\t\t\t<\/div>\n\t\t\t\t<section class=\"elementor-section elementor-inner-section elementor-element elementor-element-987203b elementor-section-boxed elementor-section-height-default elementor-section-height-default\" data-id=\"987203b\" data-element_type=\"section\" data-e-type=\"section\">\n\t\t\t\t\t\t<div class=\"elementor-container elementor-column-gap-default\">\n\t\t\t\t\t<div class=\"elementor-column elementor-col-50 elementor-inner-column elementor-element elementor-element-a1d449a\" data-id=\"a1d449a\" data-element_type=\"column\" data-e-type=\"column\">\n\t\t\t<div class=\"elementor-widget-wrap elementor-element-populated\">\n\t\t\t\t\t\t<div class=\"elementor-element elementor-element-e75ec84 elementor-widget elementor-widget-image\" data-id=\"e75ec84\" data-element_type=\"widget\" data-e-type=\"widget\" data-widget_type=\"image.default\">\n\t\t\t\t<div class=\"elementor-widget-container\">\n\t\t\t\t\t\t\t\t\t\t\t\t\t\t\t<img decoding=\"async\" width=\"520\" height=\"640\" src=\"https:\/\/atomocr.com\/wp-content\/uploads\/2020\/10\/DSC_7265b-520x640.jpg\" class=\"attachment-reobiz_portfolio-slider size-reobiz_portfolio-slider wp-image-13667\" alt=\"\" \/>\t\t\t\t\t\t\t\t\t\t\t\t\t\t\t<\/div>\n\t\t\t\t<\/div>\n\t\t\t\t\t<\/div>\n\t\t<\/div>\n\t\t\t\t<div class=\"elementor-column elementor-col-50 elementor-inner-column elementor-element elementor-element-21b1674\" data-id=\"21b1674\" data-element_type=\"column\" data-e-type=\"column\">\n\t\t\t<div class=\"elementor-widget-wrap elementor-element-populated\">\n\t\t\t\t\t\t<div class=\"elementor-element elementor-element-5554b50 elementor-widget elementor-widget-image\" data-id=\"5554b50\" data-element_type=\"widget\" data-e-type=\"widget\" data-widget_type=\"image.default\">\n\t\t\t\t<div class=\"elementor-widget-container\">\n\t\t\t\t\t\t\t\t\t\t\t\t\t\t\t<img decoding=\"async\" width=\"520\" height=\"640\" src=\"https:\/\/atomocr.com\/wp-content\/uploads\/2020\/10\/DSC_7359b-520x640.jpg\" class=\"attachment-reobiz_portfolio-slider size-reobiz_portfolio-slider wp-image-13680\" alt=\"\" \/>\t\t\t\t\t\t\t\t\t\t\t\t\t\t\t<\/div>\n\t\t\t\t<\/div>\n\t\t\t\t\t<\/div>\n\t\t<\/div>\n\t\t\t\t\t<\/div>\n\t\t<\/section>\n\t\t\t\t<section class=\"elementor-section elementor-inner-section elementor-element elementor-element-f5434f3 elementor-section-boxed elementor-section-height-default elementor-section-height-default\" data-id=\"f5434f3\" data-element_type=\"section\" data-e-type=\"section\">\n\t\t\t\t\t\t<div class=\"elementor-container elementor-column-gap-default\">\n\t\t\t\t\t<div class=\"elementor-column elementor-col-100 elementor-inner-column elementor-element elementor-element-56c80cc\" data-id=\"56c80cc\" data-element_type=\"column\" data-e-type=\"column\">\n\t\t\t<div class=\"elementor-widget-wrap elementor-element-populated\">\n\t\t\t\t\t\t<div class=\"elementor-element elementor-element-81ada87 elementor-widget elementor-widget-text-editor\" data-id=\"81ada87\" data-element_type=\"widget\" data-e-type=\"widget\" data-widget_type=\"text-editor.default\">\n\t\t\t\t<div class=\"elementor-widget-container\">\n\t\t\t\t\t\t\t\t\t<p>Adem\u00e1s, se brinda al cliente el asesoramiento de fallas y dise\u00f1os inadecuados existentes.<\/p><p>Ofrecemos soluciones para que sus instalaciones sean m\u00e1s seguras y a la vez, minimizar los posibles efectos de un incendio en su empresa.<\/p><p>Al realizar inspecciones y pruebas preventivos a los Sistemas Contra Incendios se garantiza una buena operaci\u00f3n en caso de un incendio.<\/p><p>El personal de \u00c1tomo Seguridad Humana cuenta con personal certificado bajo est\u00e1ndares de los c\u00f3digos de la NFPA para la ejecuci\u00f3n de estas pruebas para que se garantice la confiabilidad de los sistemas.<\/p><p>\u00a0<\/p><p>\u00a0<\/p>\t\t\t\t\t\t\t\t<\/div>\n\t\t\t\t<\/div>\n\t\t\t\t<section class=\"elementor-section elementor-inner-section elementor-element elementor-element-f75675b elementor-section-boxed elementor-section-height-default elementor-section-height-default\" data-id=\"f75675b\" data-element_type=\"section\" data-e-type=\"section\">\n\t\t\t\t\t\t<div class=\"elementor-container elementor-column-gap-default\">\n\t\t\t\t\t<div class=\"elementor-column elementor-col-50 elementor-inner-column elementor-element elementor-element-76dabc7\" data-id=\"76dabc7\" data-element_type=\"column\" data-e-type=\"column\">\n\t\t\t<div class=\"elementor-widget-wrap elementor-element-populated\">\n\t\t\t\t\t\t<div class=\"elementor-element elementor-element-9fc4d6a e-transform elementor-widget elementor-widget-image\" data-id=\"9fc4d6a\" data-element_type=\"widget\" data-e-type=\"widget\" data-settings=\"{&quot;_transform_scale_effect&quot;:{&quot;unit&quot;:&quot;px&quot;,&quot;size&quot;:1.100000000000000088817841970012523233890533447265625,&quot;sizes&quot;:[]},&quot;_transform_scale_effect_tablet&quot;:{&quot;unit&quot;:&quot;px&quot;,&quot;size&quot;:&quot;&quot;,&quot;sizes&quot;:[]},&quot;_transform_scale_effect_mobile&quot;:{&quot;unit&quot;:&quot;px&quot;,&quot;size&quot;:&quot;&quot;,&quot;sizes&quot;:[]}}\" data-widget_type=\"image.default\">\n\t\t\t\t<div class=\"elementor-widget-container\">\n\t\t\t\t\t\t\t\t\t\t\t\t\t\t\t<img loading=\"lazy\" decoding=\"async\" width=\"520\" height=\"640\" src=\"https:\/\/atomocr.com\/wp-content\/uploads\/2023\/08\/DSC_8029b-520x640.jpg\" class=\"attachment-reobiz_portfolio-slider size-reobiz_portfolio-slider wp-image-14352\" alt=\"\" \/>\t\t\t\t\t\t\t\t\t\t\t\t\t\t\t<\/div>\n\t\t\t\t<\/div>\n\t\t\t\t\t<\/div>\n\t\t<\/div>\n\t\t\t\t<div class=\"elementor-column elementor-col-50 elementor-inner-column elementor-element elementor-element-2fd83e5\" data-id=\"2fd83e5\" data-element_type=\"column\" data-e-type=\"column\">\n\t\t\t<div class=\"elementor-widget-wrap elementor-element-populated\">\n\t\t\t\t\t\t<div class=\"elementor-element elementor-element-82f86a6 elementor-widget elementor-widget-image\" data-id=\"82f86a6\" data-element_type=\"widget\" data-e-type=\"widget\" data-widget_type=\"image.default\">\n\t\t\t\t<div class=\"elementor-widget-container\">\n\t\t\t\t\t\t\t\t\t\t\t\t\t\t\t<img loading=\"lazy\" decoding=\"async\" width=\"520\" height=\"640\" src=\"https:\/\/atomocr.com\/wp-content\/uploads\/2020\/10\/DSC_7299b-520x640.jpg\" class=\"attachment-reobiz_portfolio-slider size-reobiz_portfolio-slider wp-image-13669\" alt=\"\" \/>\t\t\t\t\t\t\t\t\t\t\t\t\t\t\t<\/div>\n\t\t\t\t<\/div>\n\t\t\t\t\t<\/div>\n\t\t<\/div>\n\t\t\t\t\t<\/div>\n\t\t<\/section>\n\t\t\t\t\t<\/div>\n\t\t<\/div>\n\t\t\t\t\t<\/div>\n\t\t<\/section>\n\t\t\t\t<section class=\"elementor-section elementor-inner-section elementor-element elementor-element-0c961d7 elementor-section-boxed elementor-section-height-default elementor-section-height-default\" data-id=\"0c961d7\" data-element_type=\"section\" data-e-type=\"section\">\n\t\t\t\t\t\t<div class=\"elementor-container elementor-column-gap-default\">\n\t\t\t\t\t<div class=\"elementor-column elementor-col-100 elementor-inner-column elementor-element elementor-element-8b18b31\" data-id=\"8b18b31\" data-element_type=\"column\" data-e-type=\"column\">\n\t\t\t<div class=\"elementor-widget-wrap elementor-element-populated\">\n\t\t\t\t\t\t<div class=\"elementor-element elementor-element-ab0bf68 elementor-widget elementor-widget-testimonial\" data-id=\"ab0bf68\" data-element_type=\"widget\" data-e-type=\"widget\" data-widget_type=\"testimonial.default\">\n\t\t\t\t<div class=\"elementor-widget-container\">\n\t\t\t\t\t\t\t<div class=\"elementor-testimonial-wrapper\">\n\t\t\t\t\t\t\t<div class=\"elementor-testimonial-content\">\"Brindamos a nuestros clientes estrategias y dise\u00f1o enfocadas al giro de negocio y de acuerdo a cada necesidad.\"<\/div>\n\t\t\t\n\t\t\t\t\t\t<div class=\"elementor-testimonial-meta elementor-has-image elementor-testimonial-image-position-aside\">\n\t\t\t\t<div class=\"elementor-testimonial-meta-inner\">\n\t\t\t\t\t\t\t\t\t\t\t<div class=\"elementor-testimonial-image\">\n\t\t\t\t\t\t\t<img loading=\"lazy\" decoding=\"async\" width=\"2560\" height=\"1707\" src=\"https:\/\/atomocr.com\/wp-content\/uploads\/2023\/06\/IMG_2892-scaled.jpg\" class=\"attachment-full size-full wp-image-14183\" alt=\"\" srcset=\"https:\/\/atomocr.com\/wp-content\/uploads\/2023\/06\/IMG_2892-scaled.jpg 2560w, https:\/\/atomocr.com\/wp-content\/uploads\/2023\/06\/IMG_2892-300x200.jpg 300w, https:\/\/atomocr.com\/wp-content\/uploads\/2023\/06\/IMG_2892-1024x683.jpg 1024w, https:\/\/atomocr.com\/wp-content\/uploads\/2023\/06\/IMG_2892-768x512.jpg 768w, https:\/\/atomocr.com\/wp-content\/uploads\/2023\/06\/IMG_2892-1536x1024.jpg 1536w, https:\/\/atomocr.com\/wp-content\/uploads\/2023\/06\/IMG_2892-2048x1365.jpg 2048w, https:\/\/atomocr.com\/wp-content\/uploads\/2023\/06\/IMG_2892-365x243.jpg 365w, https:\/\/atomocr.com\/wp-content\/uploads\/2023\/06\/IMG_2892-600x400.jpg 600w\" sizes=\"(max-width: 2560px) 100vw, 2560px\" \/>\t\t\t\t\t\t<\/div>\n\t\t\t\t\t\n\t\t\t\t\t\t\t\t\t\t<div class=\"elementor-testimonial-details\">\n\t\t\t\t\t\t\t\t\t\t\t\t\t\t<div class=\"elementor-testimonial-name\">Ing. Alonso Uma\u00f1a<\/div>\n\t\t\t\t\t\t\t\t\t\t\t\t\t\t\t\t\t\t\t\t\t\t<div class=\"elementor-testimonial-job\">Director General<\/div>\n\t\t\t\t\t\t\t\t\t\t\t\t\t<\/div>\n\t\t\t\t\t\t\t\t\t<\/div>\n\t\t\t<\/div>\n\t\t\t\t\t<\/div>\n\t\t\t\t\t\t<\/div>\n\t\t\t\t<\/div>\n\t\t\t\t\t<\/div>\n\t\t<\/div>\n\t\t\t\t\t<\/div>\n\t\t<\/section>\n\t\t\t\t\t<\/div>\n\t\t<\/div>\n\t\t\t\t<div class=\"elementor-column elementor-col-50 elementor-top-column elementor-element elementor-element-b25dbbf bs-sidebar dynamic-sidebar\" data-id=\"b25dbbf\" data-element_type=\"column\" data-e-type=\"column\">\n\t\t\t<div class=\"elementor-widget-wrap elementor-element-populated\">\n\t\t\t\t\t\t<div class=\"elementor-element elementor-element-2b5a5cf elementor-widget elementor-widget-sidebar\" data-id=\"2b5a5cf\" data-element_type=\"widget\" data-e-type=\"widget\" data-widget_type=\"sidebar.default\">\n\t\t\t\t<div class=\"elementor-widget-container\">\n\t\t\t\t\t<div id=\"nav_menu-1\" class=\"service-singles widget widget_nav_menu\"><div class=\"menu-services-container\"><ul id=\"menu-services\" class=\"menu\"><li id=\"menu-item-2313\" class=\"menu-item menu-item-type-post_type menu-item-object-page menu-item-2313\"><a href=\"https:\/\/atomocr.com\/index.php\/servicios\/consultoria\/\">Consultor\u00eda<\/a><\/li>\n<li id=\"menu-item-14048\" class=\"menu-item menu-item-type-post_type menu-item-object-page menu-item-14048\"><a href=\"https:\/\/atomocr.com\/index.php\/servicios\/analisis-riesgo\/\">An\u00e1lisis de riegos<\/a><\/li>\n<li id=\"menu-item-14799\" class=\"menu-item menu-item-type-post_type menu-item-object-page menu-item-14799\"><a href=\"https:\/\/atomocr.com\/index.php\/servicios\/diseno-2\/\">Dise\u00f1o<\/a><\/li>\n<li id=\"menu-item-14476\" class=\"menu-item menu-item-type-post_type menu-item-object-page menu-item-14476\"><a href=\"https:\/\/atomocr.com\/index.php\/servicios\/diseno-basado-en-desempeno\/\">Dise\u00f1o basado en desempe\u00f1o<\/a><\/li>\n<li id=\"menu-item-14054\" class=\"menu-item menu-item-type-post_type menu-item-object-page menu-item-14054\"><a href=\"https:\/\/atomocr.com\/index.php\/servicios\/diseno\/\">Inspecci\u00f3n y pruebas<\/a><\/li>\n<li id=\"menu-item-14475\" class=\"menu-item menu-item-type-post_type menu-item-object-page menu-item-14475\"><a href=\"https:\/\/atomocr.com\/index.php\/servicios\/comisionamiento\/\">Comisionamiento<\/a><\/li>\n<li id=\"menu-item-14910\" class=\"menu-item menu-item-type-post_type menu-item-object-page menu-item-14910\"><a href=\"https:\/\/atomocr.com\/index.php\/contacto\/\">Capacitaciones<\/a><\/li>\n<\/ul><\/div><\/div>\t\t\t\t<\/div>\n\t\t\t\t<\/div>\n\t\t\t\t<section class=\"elementor-section elementor-inner-section elementor-element elementor-element-3a43798 elementor-section-boxed elementor-section-height-default elementor-section-height-default\" data-id=\"3a43798\" data-element_type=\"section\" data-e-type=\"section\">\n\t\t\t\t\t\t<div class=\"elementor-container elementor-column-gap-default\">\n\t\t\t\t\t<div class=\"elementor-column elementor-col-100 elementor-inner-column elementor-element elementor-element-afc24f0\" data-id=\"afc24f0\" data-element_type=\"column\" data-e-type=\"column\" data-settings=\"{&quot;background_background&quot;:&quot;classic&quot;}\">\n\t\t\t<div class=\"elementor-widget-wrap elementor-element-populated\">\n\t\t\t\t\t\t<div class=\"elementor-element elementor-element-4b4adb3 phones elementor-widget elementor-widget-rs-contact-box\" data-id=\"4b4adb3\" data-element_type=\"widget\" data-e-type=\"widget\" data-widget_type=\"rs-contact-box.default\">\n\t\t\t\t<div class=\"elementor-widget-container\">\n\t\t\t\t\t\t\t\r\n\r\n\t\t<!-- Style 1 Start -->\r\n\t\t<div class=\"rs-contact-box\">\r\n\r\n\t\t\t\t\t\t<div class=\"address-item vertical boxstyle1\">\r\n\r\n\t\t\t\t\t\t\t            <div class=\"address-icon\">\r\n\t\t            \t\t\t            \t\t<i class=\"fa fa-phone\"><\/i>\r\n\t\t            \t\t\t            <\/div>\r\n\t\t            \r\n\t\t            <div class=\"address-text\">\r\n\t\t            \t\r\n\r\n\t\t            \t\r\n\r\n\t\t            \t\t\t            <\/div>\r\n\t\t        <\/div>\r\n\t\t\t\t\t<\/div>\r\n\r\n\t<!-- Style 1 End -->\t\r\n\t\t\r\n\t\t\t\t\t<\/div>\n\t\t\t\t<\/div>\n\t\t\t\t<div class=\"elementor-element elementor-element-f5cc4fb elementor-widget elementor-widget-heading\" data-id=\"f5cc4fb\" data-element_type=\"widget\" data-e-type=\"widget\" data-widget_type=\"heading.default\">\n\t\t\t\t<div class=\"elementor-widget-container\">\n\t\t\t\t\t<h2 class=\"elementor-heading-title elementor-size-default\">Tienes alguna consulta?<\/h2>\t\t\t\t<\/div>\n\t\t\t\t<\/div>\n\t\t\t\t<div class=\"elementor-element elementor-element-a8f7996 elementor-widget elementor-widget-heading\" data-id=\"a8f7996\" data-element_type=\"widget\" data-e-type=\"widget\" data-widget_type=\"heading.default\">\n\t\t\t\t<div class=\"elementor-widget-container\">\n\t\t\t\t\t<h2 class=\"elementor-heading-title elementor-size-default\">(+506) 8885-8015<\/h2>\t\t\t\t<\/div>\n\t\t\t\t<\/div>\n\t\t\t\t\t<\/div>\n\t\t<\/div>\n\t\t\t\t\t<\/div>\n\t\t<\/section>\n\t\t\t\t\t<\/div>\n\t\t<\/div>\n\t\t\t\t\t<\/div>\n\t\t<\/section>\n\t\t\t\t<\/div>\n\t\t","protected":false},"excerpt":{"rendered":"<p>Inspecci\u00f3n Realizamos programas de inspecci\u00f3n y prueba (IP), de los sistemas fijos de protecci\u00f3n contra incendios, rociadores autom\u00e1ticos, detecci\u00f3n y alama, sistemas de gas licuado y sistemas pasivos. Adem\u00e1s, se brinda al cliente el asesoramiento de fallas y dise\u00f1os inadecuados existentes. Ofrecemos soluciones para que sus instalaciones sean m\u00e1s seguras y a la vez, minimizar&#8230;<\/p>\n","protected":false},"author":1,"featured_media":0,"parent":7835,"menu_order":0,"comment_status":"closed","ping_status":"closed","template":"","meta":{"_joinchat":[],"footnotes":""},"class_list":["post-14052","page","type-page","status-publish","hentry"],"_links":{"self":[{"href":"https:\/\/atomocr.com\/index.php\/wp-json\/wp\/v2\/pages\/14052","targetHints":{"allow":["GET"]}}],"collection":[{"href":"https:\/\/atomocr.com\/index.php\/wp-json\/wp\/v2\/pages"}],"about":[{"href":"https:\/\/atomocr.com\/index.php\/wp-json\/wp\/v2\/types\/page"}],"author":[{"embeddable":true,"href":"https:\/\/atomocr.com\/index.php\/wp-json\/wp\/v2\/users\/1"}],"replies":[{"embeddable":true,"href":"https:\/\/atomocr.com\/index.php\/wp-json\/wp\/v2\/comments?post=14052"}],"version-history":[{"count":65,"href":"https:\/\/atomocr.com\/index.php\/wp-json\/wp\/v2\/pages\/14052\/revisions"}],"predecessor-version":[{"id":14877,"href":"https:\/\/atomocr.com\/index.php\/wp-json\/wp\/v2\/pages\/14052\/revisions\/14877"}],"up":[{"embeddable":true,"href":"https:\/\/atomocr.com\/index.php\/wp-json\/wp\/v2\/pages\/7835"}],"wp:attachment":[{"href":"https:\/\/atomocr.com\/index.php\/wp-json\/wp\/v2\/media?parent=14052"}],"curies":[{"name":"wp","href":"https:\/\/api.w.org\/{rel}","templated":true}]}}