{"id":14334,"date":"2023-08-08T04:42:42","date_gmt":"2023-08-08T04:42:42","guid":{"rendered":"https:\/\/atomocr.com\/?page_id=14334"},"modified":"2024-02-02T21:00:25","modified_gmt":"2024-02-02T21:00:25","slug":"inspeccion-y-pruebas","status":"publish","type":"page","link":"https:\/\/atomocr.com\/index.php\/servicios\/inspeccion-y-pruebas\/","title":{"rendered":"Inspecci\u00f3n2"},"content":{"rendered":"\t\t<div data-elementor-type=\"wp-page\" data-elementor-id=\"14334\" class=\"elementor elementor-14334\" data-elementor-post-type=\"page\">\n\t\t\t\t\t\t<section class=\"elementor-section elementor-top-section elementor-element elementor-element-51474aa elementor-section-boxed elementor-section-height-default elementor-section-height-default\" data-id=\"51474aa\" data-element_type=\"section\" data-e-type=\"section\">\n\t\t\t\t\t\t<div class=\"elementor-container elementor-column-gap-default\">\n\t\t\t\t\t<div class=\"elementor-column elementor-col-50 elementor-top-column elementor-element elementor-element-32190d5\" data-id=\"32190d5\" data-element_type=\"column\" data-e-type=\"column\">\n\t\t\t<div class=\"elementor-widget-wrap elementor-element-populated\">\n\t\t\t\t\t\t<div class=\"elementor-element elementor-element-98b8fad elementor-widget elementor-widget-image\" data-id=\"98b8fad\" data-element_type=\"widget\" data-e-type=\"widget\" data-widget_type=\"image.default\">\n\t\t\t\t<div class=\"elementor-widget-container\">\n\t\t\t\t\t\t\t\t\t\t\t\t\t\t\t<img fetchpriority=\"high\" decoding=\"async\" width=\"2048\" height=\"1367\" src=\"https:\/\/atomocr.com\/wp-content\/uploads\/2023\/02\/DSC_7723b.jpg\" class=\"attachment-full size-full wp-image-13780\" alt=\"\" srcset=\"https:\/\/atomocr.com\/wp-content\/uploads\/2023\/02\/DSC_7723b.jpg 2048w, https:\/\/atomocr.com\/wp-content\/uploads\/2023\/02\/DSC_7723b-300x200.jpg 300w, https:\/\/atomocr.com\/wp-content\/uploads\/2023\/02\/DSC_7723b-1024x684.jpg 1024w, https:\/\/atomocr.com\/wp-content\/uploads\/2023\/02\/DSC_7723b-768x513.jpg 768w, https:\/\/atomocr.com\/wp-content\/uploads\/2023\/02\/DSC_7723b-1536x1025.jpg 1536w, https:\/\/atomocr.com\/wp-content\/uploads\/2023\/02\/DSC_7723b-365x243.jpg 365w, https:\/\/atomocr.com\/wp-content\/uploads\/2023\/02\/DSC_7723b-600x400.jpg 600w\" sizes=\"(max-width: 2048px) 100vw, 2048px\" \/>\t\t\t\t\t\t\t\t\t\t\t\t\t\t\t<\/div>\n\t\t\t\t<\/div>\n\t\t\t\t<div class=\"elementor-element elementor-element-6b36dea elementor-widget elementor-widget-heading\" data-id=\"6b36dea\" data-element_type=\"widget\" data-e-type=\"widget\" data-widget_type=\"heading.default\">\n\t\t\t\t<div class=\"elementor-widget-container\">\n\t\t\t\t\t<h2 class=\"elementor-heading-title elementor-size-default\">Inspecci\u00f3n<\/h2>\t\t\t\t<\/div>\n\t\t\t\t<\/div>\n\t\t\t\t<div class=\"elementor-element elementor-element-c4dd3f0 elementor-widget elementor-widget-text-editor\" data-id=\"c4dd3f0\" data-element_type=\"widget\" data-e-type=\"widget\" data-widget_type=\"text-editor.default\">\n\t\t\t\t<div class=\"elementor-widget-container\">\n\t\t\t\t\t\t\t\t\t<p>Realizamos programas de inspecci\u00f3n y prueba (IP), de los sistemas fijos de protecci\u00f3n contra incendios, rociadores autom\u00e1ticos, detecci\u00f3n y alarma, sistemas de gas licuado de petr\u00f3leo y sistemas pasivos.<\/p>\t\t\t\t\t\t\t\t<\/div>\n\t\t\t\t<\/div>\n\t\t\t\t<section class=\"elementor-section elementor-inner-section elementor-element elementor-element-f5434f3 elementor-section-boxed elementor-section-height-default elementor-section-height-default\" data-id=\"f5434f3\" data-element_type=\"section\" data-e-type=\"section\">\n\t\t\t\t\t\t<div class=\"elementor-container elementor-column-gap-default\">\n\t\t\t\t\t<div class=\"elementor-column elementor-col-100 elementor-inner-column elementor-element elementor-element-56c80cc\" data-id=\"56c80cc\" data-element_type=\"column\" data-e-type=\"column\">\n\t\t\t<div class=\"elementor-widget-wrap elementor-element-populated\">\n\t\t\t\t\t\t<div class=\"elementor-element elementor-element-81ada87 elementor-widget elementor-widget-text-editor\" data-id=\"81ada87\" data-element_type=\"widget\" data-e-type=\"widget\" data-widget_type=\"text-editor.default\">\n\t\t\t\t<div class=\"elementor-widget-container\">\n\t\t\t\t\t\t\t\t\t<p>Adem\u00e1s, se brinda al cliente el asesoramiento de fallas operacionales y dise\u00f1os inadecuados existentes.<\/p><p><br \/>Ofrecemos soluciones para que sus instalaciones sean m\u00e1s seguras y a la vez, minimizar los posibles efectos de un incendio en su empresa.<\/p><p>\u00a0<\/p><p>\u00a0<\/p><p>Al realizar inspecciones y pruebas preventivos a los Sistemas Contra Incendios se garantiza una buena operaci\u00f3n en caso de un incendio.<\/p><p>\u00a0<\/p><p>El personal de \u00c1tomo Seguridad Humana cuenta con personal certificado bajo los est\u00e1ndares de los c\u00f3digos de la NFPA para la ejecuci\u00f3n de estas pruebas para que se garantice la confiabilidad de los sistemas.<\/p><p>\u00a0<\/p>\t\t\t\t\t\t\t\t<\/div>\n\t\t\t\t<\/div>\n\t\t\t\t<div class=\"elementor-element elementor-element-6932b3b elementor-widget elementor-widget-video\" data-id=\"6932b3b\" data-element_type=\"widget\" data-e-type=\"widget\" data-settings=\"{&quot;youtube_url&quot;:&quot;https:\\\/\\\/youtu.be\\\/iKNKCxWVvEo&quot;,&quot;video_type&quot;:&quot;youtube&quot;,&quot;controls&quot;:&quot;yes&quot;}\" data-widget_type=\"video.default\">\n\t\t\t\t<div class=\"elementor-widget-container\">\n\t\t\t\t\t\t\t<div class=\"elementor-wrapper elementor-open-inline\">\n\t\t\t<div class=\"elementor-video\"><\/div>\t\t<\/div>\n\t\t\t\t\t\t<\/div>\n\t\t\t\t<\/div>\n\t\t\t\t\t<\/div>\n\t\t<\/div>\n\t\t\t\t\t<\/div>\n\t\t<\/section>\n\t\t\t\t<section class=\"elementor-section elementor-inner-section elementor-element elementor-element-987203b elementor-section-boxed elementor-section-height-default elementor-section-height-default\" data-id=\"987203b\" data-element_type=\"section\" data-e-type=\"section\">\n\t\t\t\t\t\t<div class=\"elementor-container elementor-column-gap-default\">\n\t\t\t\t\t<div class=\"elementor-column elementor-col-100 elementor-inner-column elementor-element elementor-element-a1d449a\" data-id=\"a1d449a\" data-element_type=\"column\" data-e-type=\"column\">\n\t\t\t<div class=\"elementor-widget-wrap\">\n\t\t\t\t\t\t\t<\/div>\n\t\t<\/div>\n\t\t\t\t\t<\/div>\n\t\t<\/section>\n\t\t\t\t<section class=\"elementor-section elementor-inner-section elementor-element elementor-element-73bff65 elementor-section-boxed elementor-section-height-default elementor-section-height-default\" data-id=\"73bff65\" data-element_type=\"section\" data-e-type=\"section\">\n\t\t\t\t\t\t<div class=\"elementor-container elementor-column-gap-default\">\n\t\t\t\t\t<div class=\"elementor-column elementor-col-50 elementor-inner-column elementor-element elementor-element-46058ea\" data-id=\"46058ea\" data-element_type=\"column\" data-e-type=\"column\">\n\t\t\t<div class=\"elementor-widget-wrap elementor-element-populated\">\n\t\t\t\t\t\t<div class=\"elementor-element elementor-element-c9faf80 elementor-widget elementor-widget-image\" data-id=\"c9faf80\" data-element_type=\"widget\" data-e-type=\"widget\" data-widget_type=\"image.default\">\n\t\t\t\t<div class=\"elementor-widget-container\">\n\t\t\t\t\t\t\t\t\t\t\t\t\t\t\t<img decoding=\"async\" width=\"640\" height=\"958\" src=\"https:\/\/atomocr.com\/wp-content\/uploads\/2023\/08\/DSC_8029b-684x1024.jpg\" class=\"attachment-large size-large wp-image-14352\" alt=\"\" srcset=\"https:\/\/atomocr.com\/wp-content\/uploads\/2023\/08\/DSC_8029b-684x1024.jpg 684w, https:\/\/atomocr.com\/wp-content\/uploads\/2023\/08\/DSC_8029b-200x300.jpg 200w, https:\/\/atomocr.com\/wp-content\/uploads\/2023\/08\/DSC_8029b-768x1151.jpg 768w, https:\/\/atomocr.com\/wp-content\/uploads\/2023\/08\/DSC_8029b-1025x1536.jpg 1025w, https:\/\/atomocr.com\/wp-content\/uploads\/2023\/08\/DSC_8029b-600x899.jpg 600w, https:\/\/atomocr.com\/wp-content\/uploads\/2023\/08\/DSC_8029b.jpg 1367w\" sizes=\"(max-width: 640px) 100vw, 640px\" \/>\t\t\t\t\t\t\t\t\t\t\t\t\t\t\t<\/div>\n\t\t\t\t<\/div>\n\t\t\t\t\t<\/div>\n\t\t<\/div>\n\t\t\t\t<div class=\"elementor-column elementor-col-50 elementor-inner-column elementor-element elementor-element-f63c767\" data-id=\"f63c767\" data-element_type=\"column\" data-e-type=\"column\">\n\t\t\t<div class=\"elementor-widget-wrap elementor-element-populated\">\n\t\t\t\t\t\t<div class=\"elementor-element elementor-element-0e1e4eb elementor-widget elementor-widget-image\" data-id=\"0e1e4eb\" data-element_type=\"widget\" data-e-type=\"widget\" data-widget_type=\"image.default\">\n\t\t\t\t<div class=\"elementor-widget-container\">\n\t\t\t\t\t\t\t\t\t\t\t\t\t\t\t<img decoding=\"async\" width=\"640\" height=\"427\" src=\"https:\/\/atomocr.com\/wp-content\/uploads\/2020\/10\/DSC_7299b-1024x683.jpg\" class=\"attachment-large size-large wp-image-13669\" alt=\"\" srcset=\"https:\/\/atomocr.com\/wp-content\/uploads\/2020\/10\/DSC_7299b-1024x683.jpg 1024w, https:\/\/atomocr.com\/wp-content\/uploads\/2020\/10\/DSC_7299b-300x200.jpg 300w, https:\/\/atomocr.com\/wp-content\/uploads\/2020\/10\/DSC_7299b-768x512.jpg 768w, https:\/\/atomocr.com\/wp-content\/uploads\/2020\/10\/DSC_7299b-1536x1024.jpg 1536w, https:\/\/atomocr.com\/wp-content\/uploads\/2020\/10\/DSC_7299b-365x243.jpg 365w, https:\/\/atomocr.com\/wp-content\/uploads\/2020\/10\/DSC_7299b-600x400.jpg 600w, https:\/\/atomocr.com\/wp-content\/uploads\/2020\/10\/DSC_7299b.jpg 2048w\" sizes=\"(max-width: 640px) 100vw, 640px\" \/>\t\t\t\t\t\t\t\t\t\t\t\t\t\t\t<\/div>\n\t\t\t\t<\/div>\n\t\t\t\t\t<\/div>\n\t\t<\/div>\n\t\t\t\t\t<\/div>\n\t\t<\/section>\n\t\t\t\t<section class=\"elementor-section elementor-inner-section elementor-element elementor-element-0c961d7 elementor-section-boxed elementor-section-height-default elementor-section-height-default\" data-id=\"0c961d7\" data-element_type=\"section\" data-e-type=\"section\">\n\t\t\t\t\t\t<div class=\"elementor-container elementor-column-gap-default\">\n\t\t\t\t\t<div class=\"elementor-column elementor-col-100 elementor-inner-column elementor-element elementor-element-8b18b31\" data-id=\"8b18b31\" data-element_type=\"column\" data-e-type=\"column\">\n\t\t\t<div class=\"elementor-widget-wrap elementor-element-populated\">\n\t\t\t\t\t\t<div class=\"elementor-element elementor-element-ab0bf68 elementor-widget elementor-widget-testimonial\" data-id=\"ab0bf68\" data-element_type=\"widget\" data-e-type=\"widget\" data-widget_type=\"testimonial.default\">\n\t\t\t\t<div class=\"elementor-widget-container\">\n\t\t\t\t\t\t\t<div class=\"elementor-testimonial-wrapper\">\n\t\t\t\t\t\t\t<div class=\"elementor-testimonial-content\">Brindamos a nuestros clientes estrategias y dise\u00f1o enfocadas al giro de negocio y de acuerdo a cada necesidad.<\/div>\n\t\t\t\n\t\t\t\t\t\t<div class=\"elementor-testimonial-meta elementor-has-image elementor-testimonial-image-position-aside\">\n\t\t\t\t<div class=\"elementor-testimonial-meta-inner\">\n\t\t\t\t\t\t\t\t\t\t\t<div class=\"elementor-testimonial-image\">\n\t\t\t\t\t\t\t<img loading=\"lazy\" decoding=\"async\" width=\"2560\" height=\"1707\" src=\"https:\/\/atomocr.com\/wp-content\/uploads\/2023\/06\/IMG_2892-scaled.jpg\" class=\"attachment-full size-full wp-image-14183\" alt=\"\" srcset=\"https:\/\/atomocr.com\/wp-content\/uploads\/2023\/06\/IMG_2892-scaled.jpg 2560w, https:\/\/atomocr.com\/wp-content\/uploads\/2023\/06\/IMG_2892-300x200.jpg 300w, https:\/\/atomocr.com\/wp-content\/uploads\/2023\/06\/IMG_2892-1024x683.jpg 1024w, https:\/\/atomocr.com\/wp-content\/uploads\/2023\/06\/IMG_2892-768x512.jpg 768w, https:\/\/atomocr.com\/wp-content\/uploads\/2023\/06\/IMG_2892-1536x1024.jpg 1536w, https:\/\/atomocr.com\/wp-content\/uploads\/2023\/06\/IMG_2892-2048x1365.jpg 2048w, https:\/\/atomocr.com\/wp-content\/uploads\/2023\/06\/IMG_2892-365x243.jpg 365w, https:\/\/atomocr.com\/wp-content\/uploads\/2023\/06\/IMG_2892-600x400.jpg 600w\" sizes=\"(max-width: 2560px) 100vw, 2560px\" \/>\t\t\t\t\t\t<\/div>\n\t\t\t\t\t\n\t\t\t\t\t\t\t\t\t\t<div class=\"elementor-testimonial-details\">\n\t\t\t\t\t\t\t\t\t\t\t\t\t\t<div class=\"elementor-testimonial-name\">Ing.Alonso Uma\u00f1a<\/div>\n\t\t\t\t\t\t\t\t\t\t\t\t\t\t\t\t\t\t\t\t\t\t<div class=\"elementor-testimonial-job\">Director General<\/div>\n\t\t\t\t\t\t\t\t\t\t\t\t\t<\/div>\n\t\t\t\t\t\t\t\t\t<\/div>\n\t\t\t<\/div>\n\t\t\t\t\t<\/div>\n\t\t\t\t\t\t<\/div>\n\t\t\t\t<\/div>\n\t\t\t\t\t<\/div>\n\t\t<\/div>\n\t\t\t\t\t<\/div>\n\t\t<\/section>\n\t\t\t\t\t<\/div>\n\t\t<\/div>\n\t\t\t\t<div class=\"elementor-column elementor-col-50 elementor-top-column elementor-element elementor-element-b25dbbf bs-sidebar dynamic-sidebar\" data-id=\"b25dbbf\" data-element_type=\"column\" data-e-type=\"column\">\n\t\t\t<div class=\"elementor-widget-wrap elementor-element-populated\">\n\t\t\t\t\t\t<div class=\"elementor-element elementor-element-2b5a5cf elementor-widget elementor-widget-sidebar\" data-id=\"2b5a5cf\" data-element_type=\"widget\" data-e-type=\"widget\" data-widget_type=\"sidebar.default\">\n\t\t\t\t<div class=\"elementor-widget-container\">\n\t\t\t\t\t<div id=\"nav_menu-1\" class=\"service-singles widget widget_nav_menu\"><div class=\"menu-services-container\"><ul id=\"menu-services\" class=\"menu\"><li id=\"menu-item-2313\" class=\"menu-item menu-item-type-post_type menu-item-object-page menu-item-2313\"><a href=\"https:\/\/atomocr.com\/index.php\/servicios\/consultoria\/\">Consultor\u00eda<\/a><\/li>\n<li id=\"menu-item-14048\" class=\"menu-item menu-item-type-post_type menu-item-object-page menu-item-14048\"><a href=\"https:\/\/atomocr.com\/index.php\/servicios\/analisis-riesgo\/\">An\u00e1lisis de riegos<\/a><\/li>\n<li id=\"menu-item-14799\" class=\"menu-item menu-item-type-post_type menu-item-object-page menu-item-14799\"><a href=\"https:\/\/atomocr.com\/index.php\/servicios\/diseno-2\/\">Dise\u00f1o<\/a><\/li>\n<li id=\"menu-item-14476\" class=\"menu-item menu-item-type-post_type menu-item-object-page menu-item-14476\"><a href=\"https:\/\/atomocr.com\/index.php\/servicios\/diseno-basado-en-desempeno\/\">Dise\u00f1o basado en desempe\u00f1o<\/a><\/li>\n<li id=\"menu-item-14054\" class=\"menu-item menu-item-type-post_type menu-item-object-page menu-item-14054\"><a href=\"https:\/\/atomocr.com\/index.php\/servicios\/diseno\/\">Inspecci\u00f3n y pruebas<\/a><\/li>\n<li id=\"menu-item-14475\" class=\"menu-item menu-item-type-post_type menu-item-object-page menu-item-14475\"><a href=\"https:\/\/atomocr.com\/index.php\/servicios\/comisionamiento\/\">Comisionamiento<\/a><\/li>\n<li id=\"menu-item-14910\" class=\"menu-item menu-item-type-post_type menu-item-object-page menu-item-14910\"><a href=\"https:\/\/atomocr.com\/index.php\/contacto\/\">Capacitaciones<\/a><\/li>\n<\/ul><\/div><\/div>\t\t\t\t<\/div>\n\t\t\t\t<\/div>\n\t\t\t\t<section class=\"elementor-section elementor-inner-section elementor-element elementor-element-3a43798 elementor-section-boxed elementor-section-height-default elementor-section-height-default\" data-id=\"3a43798\" data-element_type=\"section\" data-e-type=\"section\">\n\t\t\t\t\t\t<div class=\"elementor-container elementor-column-gap-default\">\n\t\t\t\t\t<div class=\"elementor-column elementor-col-100 elementor-inner-column elementor-element elementor-element-afc24f0\" data-id=\"afc24f0\" data-element_type=\"column\" data-e-type=\"column\" data-settings=\"{&quot;background_background&quot;:&quot;classic&quot;}\">\n\t\t\t<div class=\"elementor-widget-wrap elementor-element-populated\">\n\t\t\t\t\t\t<div class=\"elementor-element elementor-element-4b4adb3 phones elementor-widget elementor-widget-rs-contact-box\" data-id=\"4b4adb3\" data-element_type=\"widget\" data-e-type=\"widget\" data-widget_type=\"rs-contact-box.default\">\n\t\t\t\t<div class=\"elementor-widget-container\">\n\t\t\t\t\t\t\t\r\n\r\n\t\t<!-- Style 1 Start -->\r\n\t\t<div class=\"rs-contact-box\">\r\n\r\n\t\t\t\t\t\t<div class=\"address-item vertical boxstyle1\">\r\n\r\n\t\t\t\t\t\t\t            <div class=\"address-icon\">\r\n\t\t            \t\t\t            \t\t<i class=\"fa fa-phone\"><\/i>\r\n\t\t            \t\t\t            <\/div>\r\n\t\t            \r\n\t\t            <div class=\"address-text\">\r\n\t\t            \t\r\n\r\n\t\t            \t\r\n\r\n\t\t            \t\t\t            <\/div>\r\n\t\t        <\/div>\r\n\t\t\t\t\t<\/div>\r\n\r\n\t<!-- Style 1 End -->\t\r\n\t\t\r\n\t\t\t\t\t<\/div>\n\t\t\t\t<\/div>\n\t\t\t\t<div class=\"elementor-element elementor-element-f5cc4fb elementor-widget elementor-widget-heading\" data-id=\"f5cc4fb\" data-element_type=\"widget\" data-e-type=\"widget\" data-widget_type=\"heading.default\">\n\t\t\t\t<div class=\"elementor-widget-container\">\n\t\t\t\t\t<h2 class=\"elementor-heading-title elementor-size-default\">Consultas<\/h2>\t\t\t\t<\/div>\n\t\t\t\t<\/div>\n\t\t\t\t<div class=\"elementor-element elementor-element-a8f7996 elementor-widget elementor-widget-heading\" data-id=\"a8f7996\" data-element_type=\"widget\" data-e-type=\"widget\" data-widget_type=\"heading.default\">\n\t\t\t\t<div class=\"elementor-widget-container\">\n\t\t\t\t\t<h2 class=\"elementor-heading-title elementor-size-default\">(+506) 8885-8015<\/h2>\t\t\t\t<\/div>\n\t\t\t\t<\/div>\n\t\t\t\t\t<\/div>\n\t\t<\/div>\n\t\t\t\t\t<\/div>\n\t\t<\/section>\n\t\t\t\t<section class=\"elementor-section elementor-inner-section elementor-element elementor-element-a6939e9 elementor-section-boxed elementor-section-height-default elementor-section-height-default\" data-id=\"a6939e9\" data-element_type=\"section\" data-e-type=\"section\" data-settings=\"{&quot;background_background&quot;:&quot;classic&quot;}\">\n\t\t\t\t\t\t<div class=\"elementor-container elementor-column-gap-default\">\n\t\t\t\t\t<div class=\"elementor-column elementor-col-100 elementor-inner-column elementor-element elementor-element-ed97c96\" data-id=\"ed97c96\" data-element_type=\"column\" data-e-type=\"column\">\n\t\t\t<div class=\"elementor-widget-wrap elementor-element-populated\">\n\t\t\t\t\t\t<div class=\"elementor-element elementor-element-5f3a7cf elementor-widget elementor-widget-rs-heading\" data-id=\"5f3a7cf\" data-element_type=\"widget\" data-e-type=\"widget\" data-widget_type=\"rs-heading.default\">\n\t\t\t\t<div class=\"elementor-widget-container\">\n\t\t\t\t\t        <div class=\"rs-heading default  \">\r\n        \t<div class=\"title-inner\">\r\n        \t\t      \t\t\r\n\t            <h3 class=\"title\"><span class=\"watermark\"><\/span>Servicios<\/h3>\t        <\/div>\r\n\t                <\/div>\r\n\r\n        \t\t\t\t<\/div>\n\t\t\t\t<\/div>\n\t\t\t\t<div class=\"elementor-element elementor-element-497e9bc elementor-widget elementor-widget-text-editor\" data-id=\"497e9bc\" data-element_type=\"widget\" data-e-type=\"widget\" data-widget_type=\"text-editor.default\">\n\t\t\t\t<div class=\"elementor-widget-container\">\n\t\t\t\t\t\t\t\t\t<p>Puedes descargar o visualizar nuestros diferentes servicios.<\/p>\t\t\t\t\t\t\t\t<\/div>\n\t\t\t\t<\/div>\n\t\t\t\t<div class=\"elementor-element elementor-element-0786e19 elementor-widget__width-initial elementor-widget elementor-widget-rs-dual-button\" data-id=\"0786e19\" data-element_type=\"widget\" data-e-type=\"widget\" data-widget_type=\"rs-dual-button.default\">\n\t\t\t\t<div class=\"elementor-widget-container\">\n\t\t\t\t\t        <div class=\"rselement-dual-btn-wrapper\">\n            <a class=\"rselement-dual-btn rselement-dual-btn--left\" href=\"#\">\n                                                    <span >Descarga<\/span>\n                                            <\/a>\n                            <span class=\"rselement-dual-btn-connector rselement-dual-btn-connector--text\">\n                    o                <\/span>\n                    <\/div>\n        <div class=\"rselement-dual-btn-wrapper\">\n            <a class=\"rselement-dual-btn rselement-dual-btn--right\" href=\"#\">\n                                                    <span >Ver M\u00e1s<\/span>\n                                            <\/a>\n        <\/div>\n        \t\t\t\t<\/div>\n\t\t\t\t<\/div>\n\t\t\t\t\t<\/div>\n\t\t<\/div>\n\t\t\t\t\t<\/div>\n\t\t<\/section>\n\t\t\t\t\t<\/div>\n\t\t<\/div>\n\t\t\t\t\t<\/div>\n\t\t<\/section>\n\t\t\t\t<\/div>\n\t\t","protected":false},"excerpt":{"rendered":"<p>Inspecci\u00f3n Realizamos programas de inspecci\u00f3n y prueba (IP), de los sistemas fijos de protecci\u00f3n contra incendios, rociadores autom\u00e1ticos, detecci\u00f3n y alarma, sistemas de gas licuado de petr\u00f3leo y sistemas pasivos. Adem\u00e1s, se brinda al cliente el asesoramiento de fallas operacionales y dise\u00f1os inadecuados existentes. Ofrecemos soluciones para que sus instalaciones sean m\u00e1s seguras y a&#8230;<\/p>\n","protected":false},"author":1,"featured_media":0,"parent":7835,"menu_order":0,"comment_status":"closed","ping_status":"closed","template":"","meta":{"_joinchat":[],"footnotes":""},"class_list":["post-14334","page","type-page","status-publish","hentry"],"_links":{"self":[{"href":"https:\/\/atomocr.com\/index.php\/wp-json\/wp\/v2\/pages\/14334","targetHints":{"allow":["GET"]}}],"collection":[{"href":"https:\/\/atomocr.com\/index.php\/wp-json\/wp\/v2\/pages"}],"about":[{"href":"https:\/\/atomocr.com\/index.php\/wp-json\/wp\/v2\/types\/page"}],"author":[{"embeddable":true,"href":"https:\/\/atomocr.com\/index.php\/wp-json\/wp\/v2\/users\/1"}],"replies":[{"embeddable":true,"href":"https:\/\/atomocr.com\/index.php\/wp-json\/wp\/v2\/comments?post=14334"}],"version-history":[{"count":20,"href":"https:\/\/atomocr.com\/index.php\/wp-json\/wp\/v2\/pages\/14334\/revisions"}],"predecessor-version":[{"id":14824,"href":"https:\/\/atomocr.com\/index.php\/wp-json\/wp\/v2\/pages\/14334\/revisions\/14824"}],"up":[{"embeddable":true,"href":"https:\/\/atomocr.com\/index.php\/wp-json\/wp\/v2\/pages\/7835"}],"wp:attachment":[{"href":"https:\/\/atomocr.com\/index.php\/wp-json\/wp\/v2\/media?parent=14334"}],"curies":[{"name":"wp","href":"https:\/\/api.w.org\/{rel}","templated":true}]}}