{"id":2292,"date":"2020-05-11T07:46:15","date_gmt":"2020-05-11T07:46:15","guid":{"rendered":"http:\/\/rstheme.com\/products\/wordpress\/reobiz\/?page_id=2292"},"modified":"2024-03-19T01:13:46","modified_gmt":"2024-03-19T01:13:46","slug":"consultoria","status":"publish","type":"page","link":"https:\/\/atomocr.com\/index.php\/servicios\/consultoria\/","title":{"rendered":"Consultor\u00eda"},"content":{"rendered":"\t\t<div data-elementor-type=\"wp-page\" data-elementor-id=\"2292\" class=\"elementor elementor-2292\" data-elementor-post-type=\"page\">\n\t\t\t\t\t\t<section class=\"elementor-section elementor-top-section elementor-element elementor-element-51474aa elementor-section-boxed elementor-section-height-default elementor-section-height-default\" data-id=\"51474aa\" data-element_type=\"section\" data-e-type=\"section\">\n\t\t\t\t\t\t<div class=\"elementor-container elementor-column-gap-default\">\n\t\t\t\t\t<div class=\"elementor-column elementor-col-50 elementor-top-column elementor-element elementor-element-32190d5\" data-id=\"32190d5\" data-element_type=\"column\" data-e-type=\"column\">\n\t\t\t<div class=\"elementor-widget-wrap elementor-element-populated\">\n\t\t\t\t\t\t<div class=\"elementor-element elementor-element-1f0d2b7 elementor-widget elementor-widget-video\" data-id=\"1f0d2b7\" data-element_type=\"widget\" data-e-type=\"widget\" data-settings=\"{&quot;video_type&quot;:&quot;hosted&quot;,&quot;controls&quot;:&quot;yes&quot;}\" data-widget_type=\"video.default\">\n\t\t\t\t<div class=\"elementor-widget-container\">\n\t\t\t\t\t\t\t<div class=\"e-hosted-video elementor-wrapper elementor-open-inline\">\n\t\t\t\t\t<video class=\"elementor-video\" src=\"https:\/\/atomocr.com\/wp-content\/uploads\/2024\/03\/WhatsApp-Video-2024-03-14-at-12.56.21-PM.mp4\" controls=\"\" preload=\"metadata\" controlsList=\"nodownload\"><\/video>\n\t\t\t\t<\/div>\n\t\t\t\t\t\t<\/div>\n\t\t\t\t<\/div>\n\t\t\t\t<div class=\"elementor-element elementor-element-98b8fad elementor-widget elementor-widget-image\" data-id=\"98b8fad\" data-element_type=\"widget\" data-e-type=\"widget\" data-widget_type=\"image.default\">\n\t\t\t\t<div class=\"elementor-widget-container\">\n\t\t\t\t\t\t\t\t\t\t\t\t\t\t\t<img decoding=\"async\" src=\"https:\/\/atomocr.com\/wp-content\/uploads\/2024\/01\/F52133B5-2866-43B3-82DC-2DFDD9BC5E69.mov\" title=\"\" alt=\"\" loading=\"lazy\" \/>\t\t\t\t\t\t\t\t\t\t\t\t\t\t\t<\/div>\n\t\t\t\t<\/div>\n\t\t\t\t<div class=\"elementor-element elementor-element-6b36dea elementor-widget elementor-widget-heading\" data-id=\"6b36dea\" data-element_type=\"widget\" data-e-type=\"widget\" data-widget_type=\"heading.default\">\n\t\t\t\t<div class=\"elementor-widget-container\">\n\t\t\t\t\t<h2 class=\"elementor-heading-title elementor-size-default\">Consultor\u00edas<\/h2>\t\t\t\t<\/div>\n\t\t\t\t<\/div>\n\t\t\t\t<div class=\"elementor-element elementor-element-c4dd3f0 elementor-widget elementor-widget-text-editor\" data-id=\"c4dd3f0\" data-element_type=\"widget\" data-e-type=\"widget\" data-widget_type=\"text-editor.default\">\n\t\t\t\t<div class=\"elementor-widget-container\">\n\t\t\t\t\t\t\t\t\t<p>Nuestra consultor\u00eda pretende orientar y brindar acompa\u00f1amiento al cliente en la toma de decisiones para construir un proyecto viable, seguro, sin generar p\u00e9rdidas econ\u00f3micas y de tiempo.<\/p><p>Realizamos evaluaciones de riesgo de los sistemas pasivos y activos, para brindarle a nuestros clientes las mejores opciones para el proyecto cumpliendo con los est\u00e1ndares y normas internacionales, en temas de seguridad humana y protecci\u00f3n contra incendios como:<\/p>\t\t\t\t\t\t\t\t<\/div>\n\t\t\t\t<\/div>\n\t\t\t\t<section class=\"elementor-section elementor-inner-section elementor-element elementor-element-7cca7cc elementor-section-boxed elementor-section-height-default elementor-section-height-default\" data-id=\"7cca7cc\" data-element_type=\"section\" data-e-type=\"section\">\n\t\t\t\t\t\t<div class=\"elementor-container elementor-column-gap-default\">\n\t\t\t\t\t<div class=\"elementor-column elementor-col-100 elementor-inner-column elementor-element elementor-element-4329e43\" data-id=\"4329e43\" data-element_type=\"column\" data-e-type=\"column\">\n\t\t\t<div class=\"elementor-widget-wrap elementor-element-populated\">\n\t\t\t\t\t\t<div class=\"elementor-element elementor-element-7bc4bc6 elementor-widget elementor-widget-rsfeatureslist\" data-id=\"7bc4bc6\" data-element_type=\"widget\" data-e-type=\"widget\" data-widget_type=\"rsfeatureslist.default\">\n\t\t\t\t<div class=\"elementor-widget-container\">\n\t\t\t\t\t \n\n        <div class=\"rs-features-list-content\">        \n\n                                    <ul class=\"rs-features-list\">\n                                                    <li class=\"elementor-repeater-item-0348abf\">\n                                                                    <i class=\"fa fa-check-circle\"><\/i>\n                                                                <span class=\"rs-feature-text\">Medios de Egreso<\/span>\n                            <\/li>\n                                                    <li class=\"elementor-repeater-item-cb9e02c\">\n                                                                    <i class=\"fa fa-check-circle\"><\/i>\n                                                                <span class=\"rs-feature-text\">Sistemas fijos de protecci\u00f3n contra incendios<\/span>\n                            <\/li>\n                                                    <li class=\"elementor-repeater-item-88cbb66\">\n                                                                    <i class=\"fa fa-check-circle\"><\/i>\n                                                                <span class=\"rs-feature-text\">Dise\u00f1o basado en Desempe\u00f1o<\/span>\n                            <\/li>\n                                                    <li class=\"elementor-repeater-item-81758b5\">\n                                                                    <i class=\"fa fa-check-circle\"><\/i>\n                                                                <span class=\"rs-feature-text\">Extintores port\u00e1tiles<\/span>\n                            <\/li>\n                                                    <li class=\"elementor-repeater-item-0c8ccbc\">\n                                                                    <i class=\"fa fa-check-circle\"><\/i>\n                                                                <span class=\"rs-feature-text\">Gas licuado de Petr\u00f3leo<\/span>\n                            <\/li>\n                                                    <li class=\"elementor-repeater-item-3008b21\">\n                                                                    <i class=\"fa fa-check-circle\"><\/i>\n                                                                <span class=\"rs-feature-text\">Pruebas integrales a los sistemas de incendio, entre otros<\/span>\n                            <\/li>\n                                            <\/ul>\n                            \n        <\/div>\n        \t\t\t\t<\/div>\n\t\t\t\t<\/div>\n\t\t\t\t\t<\/div>\n\t\t<\/div>\n\t\t\t\t\t<\/div>\n\t\t<\/section>\n\t\t\t\t<section class=\"elementor-section elementor-inner-section elementor-element elementor-element-f5434f3 elementor-section-boxed elementor-section-height-default elementor-section-height-default\" data-id=\"f5434f3\" data-element_type=\"section\" data-e-type=\"section\">\n\t\t\t\t\t\t<div class=\"elementor-container elementor-column-gap-default\">\n\t\t\t\t\t<div class=\"elementor-column elementor-col-100 elementor-inner-column elementor-element elementor-element-56c80cc\" data-id=\"56c80cc\" data-element_type=\"column\" data-e-type=\"column\">\n\t\t\t<div class=\"elementor-widget-wrap elementor-element-populated\">\n\t\t\t\t\t\t<div class=\"elementor-element elementor-element-81ada87 elementor-widget elementor-widget-text-editor\" data-id=\"81ada87\" data-element_type=\"widget\" data-e-type=\"widget\" data-widget_type=\"text-editor.default\">\n\t\t\t\t<div class=\"elementor-widget-container\">\n\t\t\t\t\t\t\t\t\t<p>Apoyar la gesti\u00f3n y optimizaci\u00f3n de los recursos de su empresa con visi\u00f3n a futuro ser\u00e1 una prioridad del equipo de profesionales de \u00c1tomo Seguridad Humana.<\/p>\t\t\t\t\t\t\t\t<\/div>\n\t\t\t\t<\/div>\n\t\t\t\t\t<\/div>\n\t\t<\/div>\n\t\t\t\t\t<\/div>\n\t\t<\/section>\n\t\t\t\t<section class=\"elementor-section elementor-inner-section elementor-element elementor-element-987203b elementor-section-boxed elementor-section-height-default elementor-section-height-default\" data-id=\"987203b\" data-element_type=\"section\" data-e-type=\"section\">\n\t\t\t\t\t\t<div class=\"elementor-container elementor-column-gap-default\">\n\t\t\t\t\t<div class=\"elementor-column elementor-col-50 elementor-inner-column elementor-element elementor-element-a1d449a\" data-id=\"a1d449a\" data-element_type=\"column\" data-e-type=\"column\">\n\t\t\t<div class=\"elementor-widget-wrap elementor-element-populated\">\n\t\t\t\t\t\t<div class=\"elementor-element elementor-element-e75ec84 elementor-widget elementor-widget-image\" data-id=\"e75ec84\" data-element_type=\"widget\" data-e-type=\"widget\" data-widget_type=\"image.default\">\n\t\t\t\t<div class=\"elementor-widget-container\">\n\t\t\t\t\t\t\t\t\t\t\t\t\t\t\t<img fetchpriority=\"high\" decoding=\"async\" width=\"640\" height=\"640\" src=\"https:\/\/atomocr.com\/wp-content\/uploads\/2023\/06\/ejemplo2.jpg\" class=\"attachment-large size-large wp-image-14199\" alt=\"\" srcset=\"https:\/\/atomocr.com\/wp-content\/uploads\/2023\/06\/ejemplo2.jpg 1024w, https:\/\/atomocr.com\/wp-content\/uploads\/2023\/06\/ejemplo2-300x300.jpg 300w, https:\/\/atomocr.com\/wp-content\/uploads\/2023\/06\/ejemplo2-150x150.jpg 150w, https:\/\/atomocr.com\/wp-content\/uploads\/2023\/06\/ejemplo2-768x768.jpg 768w, https:\/\/atomocr.com\/wp-content\/uploads\/2023\/06\/ejemplo2-500x500.jpg 500w, https:\/\/atomocr.com\/wp-content\/uploads\/2023\/06\/ejemplo2-600x600.jpg 600w, https:\/\/atomocr.com\/wp-content\/uploads\/2023\/06\/ejemplo2-100x100.jpg 100w\" sizes=\"(max-width: 640px) 100vw, 640px\" \/>\t\t\t\t\t\t\t\t\t\t\t\t\t\t\t<\/div>\n\t\t\t\t<\/div>\n\t\t\t\t\t<\/div>\n\t\t<\/div>\n\t\t\t\t<div class=\"elementor-column elementor-col-50 elementor-inner-column elementor-element elementor-element-21b1674\" data-id=\"21b1674\" data-element_type=\"column\" data-e-type=\"column\">\n\t\t\t<div class=\"elementor-widget-wrap elementor-element-populated\">\n\t\t\t\t\t\t<div class=\"elementor-element elementor-element-5554b50 elementor-widget elementor-widget-image\" data-id=\"5554b50\" data-element_type=\"widget\" data-e-type=\"widget\" data-widget_type=\"image.default\">\n\t\t\t\t<div class=\"elementor-widget-container\">\n\t\t\t\t\t\t\t\t\t\t\t\t\t\t\t<img decoding=\"async\" width=\"640\" height=\"640\" src=\"https:\/\/atomocr.com\/wp-content\/uploads\/2023\/06\/7229bc.jpg\" class=\"attachment-large size-large wp-image-14201\" alt=\"\" srcset=\"https:\/\/atomocr.com\/wp-content\/uploads\/2023\/06\/7229bc.jpg 1024w, https:\/\/atomocr.com\/wp-content\/uploads\/2023\/06\/7229bc-300x300.jpg 300w, https:\/\/atomocr.com\/wp-content\/uploads\/2023\/06\/7229bc-150x150.jpg 150w, https:\/\/atomocr.com\/wp-content\/uploads\/2023\/06\/7229bc-768x768.jpg 768w, https:\/\/atomocr.com\/wp-content\/uploads\/2023\/06\/7229bc-500x500.jpg 500w, https:\/\/atomocr.com\/wp-content\/uploads\/2023\/06\/7229bc-600x600.jpg 600w, https:\/\/atomocr.com\/wp-content\/uploads\/2023\/06\/7229bc-100x100.jpg 100w\" sizes=\"(max-width: 640px) 100vw, 640px\" \/>\t\t\t\t\t\t\t\t\t\t\t\t\t\t\t<\/div>\n\t\t\t\t<\/div>\n\t\t\t\t\t<\/div>\n\t\t<\/div>\n\t\t\t\t\t<\/div>\n\t\t<\/section>\n\t\t\t\t<section class=\"elementor-section elementor-inner-section elementor-element elementor-element-73bff65 elementor-section-boxed elementor-section-height-default elementor-section-height-default\" data-id=\"73bff65\" data-element_type=\"section\" data-e-type=\"section\">\n\t\t\t\t\t\t<div class=\"elementor-container elementor-column-gap-default\">\n\t\t\t\t\t<div class=\"elementor-column elementor-col-50 elementor-inner-column elementor-element elementor-element-46058ea\" data-id=\"46058ea\" data-element_type=\"column\" data-e-type=\"column\">\n\t\t\t<div class=\"elementor-widget-wrap elementor-element-populated\">\n\t\t\t\t\t\t<div class=\"elementor-element elementor-element-89030b7 elementor-widget elementor-widget-image\" data-id=\"89030b7\" data-element_type=\"widget\" data-e-type=\"widget\" data-widget_type=\"image.default\">\n\t\t\t\t<div class=\"elementor-widget-container\">\n\t\t\t\t\t\t\t\t\t\t\t\t\t\t\t<img decoding=\"async\" width=\"640\" height=\"640\" src=\"https:\/\/atomocr.com\/wp-content\/uploads\/2023\/06\/evacuacion2a.jpg\" class=\"attachment-large size-large wp-image-14198\" alt=\"\" srcset=\"https:\/\/atomocr.com\/wp-content\/uploads\/2023\/06\/evacuacion2a.jpg 1024w, https:\/\/atomocr.com\/wp-content\/uploads\/2023\/06\/evacuacion2a-300x300.jpg 300w, https:\/\/atomocr.com\/wp-content\/uploads\/2023\/06\/evacuacion2a-150x150.jpg 150w, https:\/\/atomocr.com\/wp-content\/uploads\/2023\/06\/evacuacion2a-768x768.jpg 768w, https:\/\/atomocr.com\/wp-content\/uploads\/2023\/06\/evacuacion2a-500x500.jpg 500w, https:\/\/atomocr.com\/wp-content\/uploads\/2023\/06\/evacuacion2a-600x600.jpg 600w, https:\/\/atomocr.com\/wp-content\/uploads\/2023\/06\/evacuacion2a-100x100.jpg 100w\" sizes=\"(max-width: 640px) 100vw, 640px\" \/>\t\t\t\t\t\t\t\t\t\t\t\t\t\t\t<\/div>\n\t\t\t\t<\/div>\n\t\t\t\t\t<\/div>\n\t\t<\/div>\n\t\t\t\t<div class=\"elementor-column elementor-col-50 elementor-inner-column elementor-element elementor-element-f63c767\" data-id=\"f63c767\" data-element_type=\"column\" data-e-type=\"column\">\n\t\t\t<div class=\"elementor-widget-wrap elementor-element-populated\">\n\t\t\t\t\t\t<div class=\"elementor-element elementor-element-cef65b6 elementor-widget elementor-widget-image\" data-id=\"cef65b6\" data-element_type=\"widget\" data-e-type=\"widget\" data-widget_type=\"image.default\">\n\t\t\t\t<div class=\"elementor-widget-container\">\n\t\t\t\t\t\t\t\t\t\t\t\t\t\t\t<img loading=\"lazy\" decoding=\"async\" width=\"640\" height=\"640\" src=\"https:\/\/atomocr.com\/wp-content\/uploads\/2023\/06\/molinetesb.jpg\" class=\"attachment-large size-large wp-image-14200\" alt=\"\" srcset=\"https:\/\/atomocr.com\/wp-content\/uploads\/2023\/06\/molinetesb.jpg 1024w, https:\/\/atomocr.com\/wp-content\/uploads\/2023\/06\/molinetesb-300x300.jpg 300w, https:\/\/atomocr.com\/wp-content\/uploads\/2023\/06\/molinetesb-150x150.jpg 150w, https:\/\/atomocr.com\/wp-content\/uploads\/2023\/06\/molinetesb-768x768.jpg 768w, https:\/\/atomocr.com\/wp-content\/uploads\/2023\/06\/molinetesb-500x500.jpg 500w, https:\/\/atomocr.com\/wp-content\/uploads\/2023\/06\/molinetesb-600x600.jpg 600w, https:\/\/atomocr.com\/wp-content\/uploads\/2023\/06\/molinetesb-100x100.jpg 100w\" sizes=\"(max-width: 640px) 100vw, 640px\" \/>\t\t\t\t\t\t\t\t\t\t\t\t\t\t\t<\/div>\n\t\t\t\t<\/div>\n\t\t\t\t\t<\/div>\n\t\t<\/div>\n\t\t\t\t\t<\/div>\n\t\t<\/section>\n\t\t\t\t<section class=\"elementor-section elementor-inner-section elementor-element elementor-element-0c961d7 elementor-section-boxed elementor-section-height-default elementor-section-height-default\" data-id=\"0c961d7\" data-element_type=\"section\" data-e-type=\"section\">\n\t\t\t\t\t\t<div class=\"elementor-container elementor-column-gap-default\">\n\t\t\t\t\t<div class=\"elementor-column elementor-col-100 elementor-inner-column elementor-element elementor-element-8b18b31\" data-id=\"8b18b31\" data-element_type=\"column\" data-e-type=\"column\">\n\t\t\t<div class=\"elementor-widget-wrap elementor-element-populated\">\n\t\t\t\t\t\t<div class=\"elementor-element elementor-element-ab0bf68 elementor-widget elementor-widget-testimonial\" data-id=\"ab0bf68\" data-element_type=\"widget\" data-e-type=\"widget\" data-widget_type=\"testimonial.default\">\n\t\t\t\t<div class=\"elementor-widget-container\">\n\t\t\t\t\t\t\t<div class=\"elementor-testimonial-wrapper\">\n\t\t\t\t\t\t\t<div class=\"elementor-testimonial-content\">\"Brindamos a nuestros clientes estrategias y dise\u00f1o enfocadas al giro de negocio y de acuerdo a cada necesidad.\"<\/div>\n\t\t\t\n\t\t\t\t\t\t<div class=\"elementor-testimonial-meta elementor-has-image elementor-testimonial-image-position-aside\">\n\t\t\t\t<div class=\"elementor-testimonial-meta-inner\">\n\t\t\t\t\t\t\t\t\t\t\t<div class=\"elementor-testimonial-image\">\n\t\t\t\t\t\t\t<img loading=\"lazy\" decoding=\"async\" width=\"2560\" height=\"1707\" src=\"https:\/\/atomocr.com\/wp-content\/uploads\/2023\/06\/IMG_2892-scaled.jpg\" class=\"attachment-full size-full wp-image-14183\" alt=\"\" srcset=\"https:\/\/atomocr.com\/wp-content\/uploads\/2023\/06\/IMG_2892-scaled.jpg 2560w, https:\/\/atomocr.com\/wp-content\/uploads\/2023\/06\/IMG_2892-300x200.jpg 300w, https:\/\/atomocr.com\/wp-content\/uploads\/2023\/06\/IMG_2892-1024x683.jpg 1024w, https:\/\/atomocr.com\/wp-content\/uploads\/2023\/06\/IMG_2892-768x512.jpg 768w, https:\/\/atomocr.com\/wp-content\/uploads\/2023\/06\/IMG_2892-1536x1024.jpg 1536w, https:\/\/atomocr.com\/wp-content\/uploads\/2023\/06\/IMG_2892-2048x1365.jpg 2048w, https:\/\/atomocr.com\/wp-content\/uploads\/2023\/06\/IMG_2892-365x243.jpg 365w, https:\/\/atomocr.com\/wp-content\/uploads\/2023\/06\/IMG_2892-600x400.jpg 600w\" sizes=\"(max-width: 2560px) 100vw, 2560px\" \/>\t\t\t\t\t\t<\/div>\n\t\t\t\t\t\n\t\t\t\t\t\t\t\t\t\t<div class=\"elementor-testimonial-details\">\n\t\t\t\t\t\t\t\t\t\t\t\t\t\t<div class=\"elementor-testimonial-name\">Ing.Alonso Uma\u00f1a<\/div>\n\t\t\t\t\t\t\t\t\t\t\t\t\t\t\t\t\t\t\t\t\t\t<div class=\"elementor-testimonial-job\">Director General<\/div>\n\t\t\t\t\t\t\t\t\t\t\t\t\t<\/div>\n\t\t\t\t\t\t\t\t\t<\/div>\n\t\t\t<\/div>\n\t\t\t\t\t<\/div>\n\t\t\t\t\t\t<\/div>\n\t\t\t\t<\/div>\n\t\t\t\t\t<\/div>\n\t\t<\/div>\n\t\t\t\t\t<\/div>\n\t\t<\/section>\n\t\t\t\t\t<\/div>\n\t\t<\/div>\n\t\t\t\t<div class=\"elementor-column elementor-col-50 elementor-top-column elementor-element elementor-element-b25dbbf bs-sidebar dynamic-sidebar\" data-id=\"b25dbbf\" data-element_type=\"column\" data-e-type=\"column\">\n\t\t\t<div class=\"elementor-widget-wrap elementor-element-populated\">\n\t\t\t\t\t\t<div class=\"elementor-element elementor-element-2b5a5cf elementor-widget elementor-widget-sidebar\" data-id=\"2b5a5cf\" data-element_type=\"widget\" data-e-type=\"widget\" data-widget_type=\"sidebar.default\">\n\t\t\t\t<div class=\"elementor-widget-container\">\n\t\t\t\t\t<div id=\"nav_menu-1\" class=\"service-singles widget widget_nav_menu\"><div class=\"menu-services-container\"><ul id=\"menu-services\" class=\"menu\"><li id=\"menu-item-2313\" class=\"menu-item menu-item-type-post_type menu-item-object-page menu-item-2313\"><a href=\"https:\/\/atomocr.com\/index.php\/servicios\/consultoria\/\">Consultor\u00eda<\/a><\/li>\n<li id=\"menu-item-14048\" class=\"menu-item menu-item-type-post_type menu-item-object-page menu-item-14048\"><a href=\"https:\/\/atomocr.com\/index.php\/servicios\/analisis-riesgo\/\">An\u00e1lisis de riegos<\/a><\/li>\n<li id=\"menu-item-14799\" class=\"menu-item menu-item-type-post_type menu-item-object-page menu-item-14799\"><a href=\"https:\/\/atomocr.com\/index.php\/servicios\/diseno-2\/\">Dise\u00f1o<\/a><\/li>\n<li id=\"menu-item-14476\" class=\"menu-item menu-item-type-post_type menu-item-object-page menu-item-14476\"><a href=\"https:\/\/atomocr.com\/index.php\/servicios\/diseno-basado-en-desempeno\/\">Dise\u00f1o basado en desempe\u00f1o<\/a><\/li>\n<li id=\"menu-item-14054\" class=\"menu-item menu-item-type-post_type menu-item-object-page menu-item-14054\"><a href=\"https:\/\/atomocr.com\/index.php\/servicios\/diseno\/\">Inspecci\u00f3n y pruebas<\/a><\/li>\n<li id=\"menu-item-14475\" class=\"menu-item menu-item-type-post_type menu-item-object-page menu-item-14475\"><a href=\"https:\/\/atomocr.com\/index.php\/servicios\/comisionamiento\/\">Comisionamiento<\/a><\/li>\n<li id=\"menu-item-14910\" class=\"menu-item menu-item-type-post_type menu-item-object-page menu-item-14910\"><a href=\"https:\/\/atomocr.com\/index.php\/contacto\/\">Capacitaciones<\/a><\/li>\n<\/ul><\/div><\/div>\t\t\t\t<\/div>\n\t\t\t\t<\/div>\n\t\t\t\t<section class=\"elementor-section elementor-inner-section elementor-element elementor-element-3a43798 elementor-section-boxed elementor-section-height-default elementor-section-height-default\" data-id=\"3a43798\" data-element_type=\"section\" data-e-type=\"section\">\n\t\t\t\t\t\t<div class=\"elementor-container elementor-column-gap-default\">\n\t\t\t\t\t<div class=\"elementor-column elementor-col-100 elementor-inner-column elementor-element elementor-element-afc24f0\" data-id=\"afc24f0\" data-element_type=\"column\" data-e-type=\"column\" data-settings=\"{&quot;background_background&quot;:&quot;classic&quot;}\">\n\t\t\t<div class=\"elementor-widget-wrap elementor-element-populated\">\n\t\t\t\t\t\t<div class=\"elementor-element elementor-element-4b4adb3 phones elementor-widget elementor-widget-rs-contact-box\" data-id=\"4b4adb3\" data-element_type=\"widget\" data-e-type=\"widget\" data-widget_type=\"rs-contact-box.default\">\n\t\t\t\t<div class=\"elementor-widget-container\">\n\t\t\t\t\t\t\t\r\n\r\n\t\t<!-- Style 1 Start -->\r\n\t\t<div class=\"rs-contact-box\">\r\n\r\n\t\t\t\t\t\t<div class=\"address-item vertical boxstyle1\">\r\n\r\n\t\t\t\t\t\t\t            <div class=\"address-icon\">\r\n\t\t            \t\t\t            \t\t<i class=\"fa fa-phone\"><\/i>\r\n\t\t            \t\t\t            <\/div>\r\n\t\t            \r\n\t\t            <div class=\"address-text\">\r\n\t\t            \t\r\n\r\n\t\t            \t\r\n\r\n\t\t            \t\t\t            <\/div>\r\n\t\t        <\/div>\r\n\t\t\t\t\t<\/div>\r\n\r\n\t<!-- Style 1 End -->\t\r\n\t\t\r\n\t\t\t\t\t<\/div>\n\t\t\t\t<\/div>\n\t\t\t\t<div class=\"elementor-element elementor-element-f5cc4fb elementor-widget elementor-widget-heading\" data-id=\"f5cc4fb\" data-element_type=\"widget\" data-e-type=\"widget\" data-widget_type=\"heading.default\">\n\t\t\t\t<div class=\"elementor-widget-container\">\n\t\t\t\t\t<h2 class=\"elementor-heading-title elementor-size-default\">Consultas<\/h2>\t\t\t\t<\/div>\n\t\t\t\t<\/div>\n\t\t\t\t<div class=\"elementor-element elementor-element-a8f7996 elementor-widget elementor-widget-heading\" data-id=\"a8f7996\" data-element_type=\"widget\" data-e-type=\"widget\" data-widget_type=\"heading.default\">\n\t\t\t\t<div class=\"elementor-widget-container\">\n\t\t\t\t\t<h2 class=\"elementor-heading-title elementor-size-default\">(+506) 8885-8015<\/h2>\t\t\t\t<\/div>\n\t\t\t\t<\/div>\n\t\t\t\t\t<\/div>\n\t\t<\/div>\n\t\t\t\t\t<\/div>\n\t\t<\/section>\n\t\t\t\t\t<\/div>\n\t\t<\/div>\n\t\t\t\t\t<\/div>\n\t\t<\/section>\n\t\t\t\t<\/div>\n\t\t","protected":false},"excerpt":{"rendered":"<p>https:\/\/atomocr.com\/wp-content\/uploads\/2024\/03\/WhatsApp-Video-2024-03-14-at-12.56.21-PM.mp4 Consultor\u00edas Nuestra consultor\u00eda pretende orientar y brindar acompa\u00f1amiento al cliente en la toma de decisiones para construir un proyecto viable, seguro, sin generar p\u00e9rdidas econ\u00f3micas y de tiempo. Realizamos evaluaciones de riesgo de los sistemas pasivos y activos, para brindarle a nuestros clientes las mejores opciones para el proyecto cumpliendo con los est\u00e1ndares y&#8230;<\/p>\n","protected":false},"author":1,"featured_media":0,"parent":7835,"menu_order":0,"comment_status":"closed","ping_status":"closed","template":"","meta":{"_joinchat":[],"footnotes":""},"class_list":["post-2292","page","type-page","status-publish","hentry"],"_links":{"self":[{"href":"https:\/\/atomocr.com\/index.php\/wp-json\/wp\/v2\/pages\/2292","targetHints":{"allow":["GET"]}}],"collection":[{"href":"https:\/\/atomocr.com\/index.php\/wp-json\/wp\/v2\/pages"}],"about":[{"href":"https:\/\/atomocr.com\/index.php\/wp-json\/wp\/v2\/types\/page"}],"author":[{"embeddable":true,"href":"https:\/\/atomocr.com\/index.php\/wp-json\/wp\/v2\/users\/1"}],"replies":[{"embeddable":true,"href":"https:\/\/atomocr.com\/index.php\/wp-json\/wp\/v2\/comments?post=2292"}],"version-history":[{"count":59,"href":"https:\/\/atomocr.com\/index.php\/wp-json\/wp\/v2\/pages\/2292\/revisions"}],"predecessor-version":[{"id":14888,"href":"https:\/\/atomocr.com\/index.php\/wp-json\/wp\/v2\/pages\/2292\/revisions\/14888"}],"up":[{"embeddable":true,"href":"https:\/\/atomocr.com\/index.php\/wp-json\/wp\/v2\/pages\/7835"}],"wp:attachment":[{"href":"https:\/\/atomocr.com\/index.php\/wp-json\/wp\/v2\/media?parent=2292"}],"curies":[{"name":"wp","href":"https:\/\/api.w.org\/{rel}","templated":true}]}}